{"id":121,"date":"2011-06-30T21:07:02","date_gmt":"2011-06-30T19:07:02","guid":{"rendered":"http:\/\/halm.berlin\/?page_id=121"},"modified":"2021-06-10T15:52:55","modified_gmt":"2021-06-10T14:52:55","slug":"musikarena-berlin","status":"publish","type":"page","link":"http:\/\/hpplus.berlin\/?page_id=121","title":{"rendered":"Kontakt"},"content":{"rendered":"<h1 style=\"text-align: left;\" align=\"right\"><strong>\u00a9&nbsp;<\/strong><strong>hp+<\/strong><\/h1>\n<p><strong>hp-plus<\/strong> <strong>Projektmanagement GmbH<br \/>\nPlanungsgesellschaft von Architekten und Ingenieuren<br \/>\n<\/strong>Schandauer Stra\u00dfe 16, 12045 Berlin<br \/>\n<a href=\"http:\/\/hpplus.berlin\">www.hpplus.berlin<\/a><\/p>\n<p>Gesch\u00e4ftsf\u00fchrer: Dipl. Ing. (FH) J\u00fcrgen Rudolf Halm<br \/>\nHRB 140213 B&nbsp;&nbsp;&nbsp; Stnr. 29 \/ 354 \/ 30071<br \/>\nUST.ID DE 282 63 4131<\/p>\n<p style=\"text-align: left;\" align=\"right\">Kontakt:<\/p>\n<p style=\"text-align: left;\" align=\"right\">T +49 30 688999-0<br \/>\nF +49 30 68899 80<a href=\"mailto:info@musikarena-berlin.com\"><br \/>\n<\/a><\/p>\n<p>&nbsp;<\/p>\n","protected":false},"excerpt":{"rendered":"<p>\u00a9&nbsp;hp+ hp-plus Projektmanagement GmbH Planungsgesellschaft von Architekten und Ingenieuren Schandauer Stra\u00dfe 16, 12045 Berlin www.hpplus.berlin Gesch\u00e4ftsf\u00fchrer: Dipl. Ing. (FH) J\u00fcrgen Rudolf Halm HRB 140213 B&nbsp;&nbsp;&nbsp; Stnr. 29 \/ 354 \/ 30071 UST.ID DE 282 63 4131 Kontakt: T +49 30 688999-0 F +49 30 68899 80 &nbsp;<\/p>\n","protected":false},"author":1,"featured_media":0,"parent":0,"menu_order":10,"comment_status":"closed","ping_status":"closed","template":"","meta":{"ngg_post_thumbnail":0,"footnotes":""},"class_list":["post-121","page","type-page","status-publish","hentry"],"_links":{"self":[{"href":"http:\/\/hpplus.berlin\/index.php?rest_route=\/wp\/v2\/pages\/121","targetHints":{"allow":["GET"]}}],"collection":[{"href":"http:\/\/hpplus.berlin\/index.php?rest_route=\/wp\/v2\/pages"}],"about":[{"href":"http:\/\/hpplus.berlin\/index.php?rest_route=\/wp\/v2\/types\/page"}],"author":[{"embeddable":true,"href":"http:\/\/hpplus.berlin\/index.php?rest_route=\/wp\/v2\/users\/1"}],"replies":[{"embeddable":true,"href":"http:\/\/hpplus.berlin\/index.php?rest_route=%2Fwp%2Fv2%2Fcomments&post=121"}],"version-history":[{"count":36,"href":"http:\/\/hpplus.berlin\/index.php?rest_route=\/wp\/v2\/pages\/121\/revisions"}],"predecessor-version":[{"id":1298,"href":"http:\/\/hpplus.berlin\/index.php?rest_route=\/wp\/v2\/pages\/121\/revisions\/1298"}],"wp:attachment":[{"href":"http:\/\/hpplus.berlin\/index.php?rest_route=%2Fwp%2Fv2%2Fmedia&parent=121"}],"curies":[{"name":"wp","href":"https:\/\/api.w.org\/{rel}","templated":true}]}}