{"id":387,"date":"2011-07-26T16:33:34","date_gmt":"2011-07-26T14:33:34","guid":{"rendered":"http:\/\/halm.berlin\/?page_id=387"},"modified":"2019-11-05T12:29:53","modified_gmt":"2019-11-05T11:29:53","slug":"leistungen","status":"publish","type":"page","link":"http:\/\/hpplus.berlin\/?page_id=387","title":{"rendered":"Leitsatz Consult + Engineer"},"content":{"rendered":"<div class=\"entry-content\">\n<p>&#8222;Mitdenken und zupacken\u201c lautet unser Leitsatz in zahlreichen standort\u00fcbergreifenden Rollout- und Konsolidierungsprojekten. Immer mitten im Geschehen unterst\u00fctzen wir unsere Kunden bei allen wichtigen und zentralen Aufgaben. F\u00fcr ein pers\u00f6nliches Gespr\u00e4ch stehen wir Ihnen gerne zur Verf\u00fcgung.<\/p>\n<p><strong>T +49 30 688 999-0 <\/strong><strong><br \/>\n<\/strong><\/p>\n<\/div>\n<h2><b>Qualit\u00e4t und Methode<\/b><\/h2>\n<p>Unser Grundsatz: Um Gro\u00dfes zu schaffen, sind die kleinen Dinge entscheidend. Wir betreiben einen KVP*, der von Grund auf in jedem einzelnen Arbeitsschritt verankert ist und der seine Basis in einer ausgepr\u00e4gten Feedbackkultur hat.<\/p>\n<p>*<a href=\"https:\/\/de.wikipedia.org\/wiki\/Kontinuierlicher_Verbesserungsprozess\">KVP<\/a> (<strong>K<\/strong>ontinuierlicher <strong>V<\/strong>erbesserungs<strong>P<\/strong>rozess) ist ein Grundprinzip des <a title=\"Qualit\u00e4tsmanagement\" href=\"https:\/\/de.wikipedia.org\/wiki\/Qualit%C3%A4tsmanagement\">Qualit\u00e4tsmanagements<\/a> und unverzichtbarer Bestandteil der <a title=\"Qualit\u00e4tsmanagementnorm\" href=\"https:\/\/de.wikipedia.org\/wiki\/Qualit%C3%A4tsmanagementnorm\">ISO 9001<\/a>.<\/p>\n","protected":false},"excerpt":{"rendered":"<p>&#8222;Mitdenken und zupacken\u201c lautet unser Leitsatz in zahlreichen standort\u00fcbergreifenden Rollout- und Konsolidierungsprojekten. Immer mitten im Geschehen unterst\u00fctzen wir unsere Kunden bei allen wichtigen und zentralen Aufgaben. F\u00fcr ein pers\u00f6nliches Gespr\u00e4ch stehen wir Ihnen gerne zur Verf\u00fcgung. T +49 30 688 999-0 Qualit\u00e4t und Methode Unser Grundsatz: Um Gro\u00dfes zu schaffen, sind die kleinen Dinge entscheidend. &hellip; <a href=\"http:\/\/hpplus.berlin\/?page_id=387\" class=\"more-link\"><span class=\"screen-reader-text\">Leitsatz Consult + Engineer<\/span> weiterlesen <span class=\"meta-nav\">&rarr;<\/span><\/a><\/p>\n","protected":false},"author":1,"featured_media":0,"parent":0,"menu_order":0,"comment_status":"closed","ping_status":"closed","template":"","meta":{"ngg_post_thumbnail":0,"footnotes":""},"class_list":["post-387","page","type-page","status-publish","hentry"],"_links":{"self":[{"href":"http:\/\/hpplus.berlin\/index.php?rest_route=\/wp\/v2\/pages\/387","targetHints":{"allow":["GET"]}}],"collection":[{"href":"http:\/\/hpplus.berlin\/index.php?rest_route=\/wp\/v2\/pages"}],"about":[{"href":"http:\/\/hpplus.berlin\/index.php?rest_route=\/wp\/v2\/types\/page"}],"author":[{"embeddable":true,"href":"http:\/\/hpplus.berlin\/index.php?rest_route=\/wp\/v2\/users\/1"}],"replies":[{"embeddable":true,"href":"http:\/\/hpplus.berlin\/index.php?rest_route=%2Fwp%2Fv2%2Fcomments&post=387"}],"version-history":[{"count":61,"href":"http:\/\/hpplus.berlin\/index.php?rest_route=\/wp\/v2\/pages\/387\/revisions"}],"predecessor-version":[{"id":1213,"href":"http:\/\/hpplus.berlin\/index.php?rest_route=\/wp\/v2\/pages\/387\/revisions\/1213"}],"wp:attachment":[{"href":"http:\/\/hpplus.berlin\/index.php?rest_route=%2Fwp%2Fv2%2Fmedia&parent=387"}],"curies":[{"name":"wp","href":"https:\/\/api.w.org\/{rel}","templated":true}]}}