{"id":451,"date":"2011-08-13T12:36:21","date_gmt":"2011-08-13T10:36:21","guid":{"rendered":"http:\/\/halm.berlin\/?page_id=451"},"modified":"2019-11-05T12:39:37","modified_gmt":"2019-11-05T11:39:37","slug":"architektur","status":"publish","type":"page","link":"http:\/\/hpplus.berlin\/?page_id=451","title":{"rendered":"HOAI Leistungsphase 1-9"},"content":{"rendered":"<p>(HOAI) Honorarordnung f\u00fcr Architekten und Ingenieure Leistungsphase 1-9. Wir bieten Ihnen s\u00e4mtliche Planungsleistungen des Architekten.<\/p>\n<p>siehe dazu auch <a title=\"HOAI Wikipedia\" href=\"http:\/\/de.wikipedia.org\/wiki\/Leistungsphasen_nach_HOAI\">http:\/\/de.wikipedia.org\/wiki\/Leistungsphasen_nach_HOAI&nbsp;<\/a><\/p>\n<ol>\n<li><a title=\"Grundlagenermittlung\" href=\"http:\/\/de.wikipedia.org\/wiki\/Grundlagenermittlung\">LP1: Grundlagenermittlung<\/a> \u2013 Hierzu z\u00e4hlen die der eigentlichen Planung vorgeschalteten Ma\u00dfnahmen und \u00dcberlegungen, insbesondere Gespr\u00e4che mit dem Auftraggeber bzw. Bauherren. Die HOAI erw\u00e4hnt als Grundleistungen beispielsweise \u201eKl\u00e4ren der Aufgabenstellung, Beraten zum gesamten Leistungsbedarf\u201c und als Besondere Leistungen zum Beispiel&nbsp; \u201eBestandsaufnahme und Standortanalyse\u201c<\/li>\n<li><a title=\"Vorplanung\" href=\"http:\/\/de.wikipedia.org\/wiki\/Vorplanung\">LP2: Vorplanung<\/a>&nbsp;mit&nbsp;<a title=\"Kostensch\u00e4tzung\" href=\"http:\/\/de.wikipedia.org\/wiki\/Kostensch%C3%A4tzung\">Kostensch\u00e4tzung<\/a><\/li>\n<li><a title=\"Entwurfsplanung\" href=\"http:\/\/de.wikipedia.org\/wiki\/Entwurfsplanung\">LP3: Entwurfsplanung<\/a>&nbsp;und&nbsp;<a title=\"Kostenberechnung\" href=\"http:\/\/de.wikipedia.org\/wiki\/Kostenberechnung\">Kostenberechnung<\/a><\/li>\n<li><a title=\"Genehmigungsplanung\" href=\"http:\/\/de.wikipedia.org\/wiki\/Genehmigungsplanung\">LP: Genehmigungsplanung<\/a><\/li>\n<li><a title=\"Ausf\u00fchrungsplanung\" href=\"http:\/\/de.wikipedia.org\/wiki\/Ausf%C3%BChrungsplanung\">LP5: Ausf\u00fchrungsplanung<\/a><\/li>\n<li>LP6: Vorbereitung der <a title=\"Vergabe\" href=\"http:\/\/de.wikipedia.org\/wiki\/Vergabe\">Vergabe<\/a>&nbsp;einschlie\u00dflich Ermitteln der Mengen und Aufstellen von&nbsp;<a title=\"Leistungsverzeichnis\" href=\"http:\/\/de.wikipedia.org\/wiki\/Leistungsverzeichnis\">Leistungsverzeichnissen<\/a>&nbsp;(LV)<\/li>\n<li>LP7: Mitwirkung bei der <a title=\"Vergabe\" href=\"http:\/\/de.wikipedia.org\/wiki\/Vergabe\">Vergabe<\/a>&nbsp;inklusive&nbsp;<a title=\"Kostenanschlag\" href=\"http:\/\/de.wikipedia.org\/wiki\/Kostenanschlag\">Kostenanschlag<\/a><\/li>\n<li>LP8: Objekt\u00fcberwachung (<a title=\"Bau\u00fcberwachung\" href=\"http:\/\/de.wikipedia.org\/wiki\/Bau%C3%BCberwachung\">Bau\u00fcberwachung<\/a>) und&nbsp;<a title=\"Kostenfeststellung\" href=\"http:\/\/de.wikipedia.org\/wiki\/Kostenfeststellung\">Kostenfeststellung<\/a><\/li>\n<li><a title=\"Objektbetreuung und Dokumentation (Seite nicht vorhanden)\" href=\"http:\/\/de.wikipedia.org\/w\/index.php?title=Objektbetreuung_und_Dokumentation&amp;action=edit&amp;redlink=1\">LP9 Objektbetreuung und Dokumentation<\/a><\/li>\n<\/ol>\n<p><strong>+ Unsere Schwerpunkte sind :<\/strong><\/p>\n<ul>\n<li>Wohnanlagen und<\/li>\n<li>die Sanierung von Wohn- u. Gewerbebauten.<\/li>\n<\/ul>\n<p>Neben dem klassischen, eigenst\u00e4ndigen Neubau bieten wir fundierte Erfahrung mit Neubauten im Mehrfamilienhausbau.&nbsp; Die Sanierung von Bestandsgeb\u00e4uden geh\u00f6rt zu unserer origin\u00e4ren Bauaufgaben.<\/p>\n<p><strong>+ Sonderleistungen<\/strong><\/p>\n<ul>\n<li>Bestandsaufnahme, Aufma\u00df (auch 3 D)<\/li>\n<li>Abgeschlossenheitsbescheinigungen<\/li>\n<li>Standortanalyse<\/li>\n<li>F\u00f6rderberatung<\/li>\n<\/ul>\n","protected":false},"excerpt":{"rendered":"<p>(HOAI) Honorarordnung f\u00fcr Architekten und Ingenieure Leistungsphase 1-9. Wir bieten Ihnen s\u00e4mtliche Planungsleistungen des Architekten. siehe dazu auch http:\/\/de.wikipedia.org\/wiki\/Leistungsphasen_nach_HOAI&nbsp; LP1: Grundlagenermittlung \u2013 Hierzu z\u00e4hlen die der eigentlichen Planung vorgeschalteten Ma\u00dfnahmen und \u00dcberlegungen, insbesondere Gespr\u00e4che mit dem Auftraggeber bzw. Bauherren. Die HOAI erw\u00e4hnt als Grundleistungen beispielsweise \u201eKl\u00e4ren der Aufgabenstellung, Beraten zum gesamten Leistungsbedarf\u201c und als Besondere &hellip; <a href=\"http:\/\/hpplus.berlin\/?page_id=451\" class=\"more-link\"><span class=\"screen-reader-text\">HOAI Leistungsphase 1-9<\/span> weiterlesen <span class=\"meta-nav\">&rarr;<\/span><\/a><\/p>\n","protected":false},"author":1,"featured_media":0,"parent":928,"menu_order":3,"comment_status":"closed","ping_status":"closed","template":"","meta":{"ngg_post_thumbnail":0,"footnotes":""},"class_list":["post-451","page","type-page","status-publish","hentry"],"_links":{"self":[{"href":"http:\/\/hpplus.berlin\/index.php?rest_route=\/wp\/v2\/pages\/451","targetHints":{"allow":["GET"]}}],"collection":[{"href":"http:\/\/hpplus.berlin\/index.php?rest_route=\/wp\/v2\/pages"}],"about":[{"href":"http:\/\/hpplus.berlin\/index.php?rest_route=\/wp\/v2\/types\/page"}],"author":[{"embeddable":true,"href":"http:\/\/hpplus.berlin\/index.php?rest_route=\/wp\/v2\/users\/1"}],"replies":[{"embeddable":true,"href":"http:\/\/hpplus.berlin\/index.php?rest_route=%2Fwp%2Fv2%2Fcomments&post=451"}],"version-history":[{"count":15,"href":"http:\/\/hpplus.berlin\/index.php?rest_route=\/wp\/v2\/pages\/451\/revisions"}],"predecessor-version":[{"id":1218,"href":"http:\/\/hpplus.berlin\/index.php?rest_route=\/wp\/v2\/pages\/451\/revisions\/1218"}],"up":[{"embeddable":true,"href":"http:\/\/hpplus.berlin\/index.php?rest_route=\/wp\/v2\/pages\/928"}],"wp:attachment":[{"href":"http:\/\/hpplus.berlin\/index.php?rest_route=%2Fwp%2Fv2%2Fmedia&parent=451"}],"curies":[{"name":"wp","href":"https:\/\/api.w.org\/{rel}","templated":true}]}}