{"id":454,"date":"2011-08-13T12:37:13","date_gmt":"2011-08-13T11:37:13","guid":{"rendered":"http:\/\/halm.berlin\/?page_id=454"},"modified":"2022-11-04T13:59:17","modified_gmt":"2022-11-04T12:59:17","slug":"projektmanagement","status":"publish","type":"page","link":"http:\/\/hpplus.berlin\/?page_id=454","title":{"rendered":"Consulting + Engineering"},"content":{"rendered":"<h2><strong>Innovation. On site. On Demand<\/strong><\/h2>\n<p>Wenn es um die Besetzung von Engineering und Infrastruktur -Projekten mit externen Spezialisten geht, ist <strong>HPPLUS<\/strong> eine gute Adresse. Als Projektdienstleister, mit bundesweiten Projekten seit 2012, haben wir uns darauf spezialisiert, hochqualifizierte Freiberufler in den Branchen Technik + Verkehr, Telekommunikation und Bau einzusetzen.<\/p>\n<p>Unser Produkt ist <strong>Innovation<\/strong> \u2013 ein Schl\u00fcssel der neue M\u00e4rkte nicht nur erschlie\u00dft, sondern schafft.<\/p>\n<p>Die globalisierte Wirtschaft f\u00fchrt zu <strong>dezentralen Strukturen<\/strong> und immer <strong>k\u00fcrzeren Entwicklungszyklen:<\/strong> Wir haben das erkannt und bilden eine liquide Ressource, die Unternehmen frei zur Verf\u00fcgung steht.<\/p>\n<p>Durch <strong>unser Mitwirken<\/strong> f\u00fchren wir Prozesse<\/p>\n<ul>\n<li><strong>\u00fcber kritische Punkte<\/strong> zur<\/li>\n<li><strong>erfolgreichen Einf\u00fchrung neuer Standards<\/strong> und einem<\/li>\n<li><strong>optimierten Lifecycle<\/strong> \u2013 ein probates Mittel<\/li>\n<li><strong>gegen Flaschenh\u00e4lse<\/strong> in der Entwicklung<\/li>\n<li><strong>und ungeplante Kostensteigerungen.<\/strong><\/li>\n<\/ul>\n<div class=\"entry-content\">\n<div>\n<div id=\"besondere-leistungen\">\n<div>\n<h2><strong>+ Leistungen im Projektmanagement:<\/strong><\/h2>\n<ul>\n<li>Entwicklung, Steuerung, Controlling<\/li>\n<li>Performance Management<\/li>\n<li>Change &#8211; Incident Management \/ Life-Cycle Management<\/li>\n<li>(Vertrags-) Controlling, auch bei PPP-Objekten<\/li>\n<li>Projekt-Krisenmanagement<\/li>\n<li>Kostensteuerung<\/li>\n<li>Qualit\u00e4ts-Management \/ Sicherung \/ Dokumentations Management<\/li>\n<li>ITIL \/ best practices<\/li>\n<\/ul>\n<h2><strong>+ im Consulting<br \/><\/strong><\/h2>\n<ul>\n<li>Analysen,<\/li>\n<li>Machbarkeitsstudien, Strategien<\/li>\n<li>Programm Management<\/li>\n<li>Experten Recruiting<\/li>\n<li>InterimsManagement<\/li>\n<li>Ingenieurdienstleistungen nach HOAI <br \/>Planung, Ausschreibung,&nbsp; Vergabe, Bauleitung, Abrechnung, Koordination<\/li>\n<\/ul>\n<h2><strong>+ im ICT- Infrastructure Management<\/strong><\/h2>\n<p>(information+communication) <br \/>Life-Cycle Management \/ Deployment Management \/ Operations Management<\/p>\n<ul>\n<li>Design + Planning<br \/>Coordination \/ Controlling<\/li>\n<li><strong>Deployment Management<\/strong><strong><br \/><\/strong>Mit einem Performance Monitoring Tool k\u00f6nnen sie Service Level Agreements (SLAs) messen \/einhalten. Es kann Ihnen sogar dabei helfen, Leistungsprobleme zu erkennen und zu beheben, bevor sie sich auf Ihre Kunden auswirken. Und das macht ALLE-Ihr Team und ihre Kunden &#8211; gl\u00fccklich. <br \/><strong>Early Warning Expert<\/strong><\/li>\n<li><strong>Partner Management (Third Party Management)<\/strong> <br \/>(Vendor, Partner, Akquisition, Mitnutzer)<br \/>Ticketing Management<br \/>Integration Management<br \/>Quality + Acceptance Management<\/li>\n<\/ul>\n<h2><strong>+ im Management nach ITIL \/ best practices<\/strong><\/h2>\n<ul>\n<li>Business Relationship Management (BRM)<\/li>\n<li>Supplier Relationship Management (SRM)<\/li>\n<li>Liaison, Education, Communication<\/li>\n<li>Planning, Review, and Development<\/li>\n<\/ul>\n<h2><strong>+ Qualit\u00e4t und Methode<\/strong><\/h2>\n<p>Wir sind Entwickler aus Leidenschaft: <strong>Innovation<\/strong> und <strong>Qualit\u00e4t<\/strong> trennen wir nicht.<\/p>\n<p>Unser Grundsatz: Um Gro\u00dfes zu schaffen, sind die kleinen Dinge entscheidend. Wir betreiben einen <strong>KVP<\/strong>*, der von Grund auf in jedem einzelnen Arbeitsschritt verankert ist und der seine Basis in einer ausgepr\u00e4gten Feedbackkultur hat. Standardisierte Kundenbefragungen, regelm\u00e4\u00dfige Pr\u00fcfungen unserer professionell gemanagten Prozesse, extern und intern, und eine ausgezeichnete Arbeitsumgebung sichern Bestleistungen f\u00fcr unsere Kunden.<\/p>\n<h2>*<a href=\"https:\/\/de.wikipedia.org\/wiki\/Kontinuierlicher_Verbesserungsprozess\">KVP<\/a><\/h2>\n<p>ist ein Grundprinzip des <a href=\"https:\/\/de.wikipedia.org\/wiki\/Qualit%C3%A4tsmanagement\">Qualit\u00e4tsmanagements<\/a> und unverzichtbarer Bestandteil der <a href=\"https:\/\/de.wikipedia.org\/wiki\/Qualit%C3%A4tsmanagementnorm\">ISO 9001<\/a>.<\/p>\n<p>&nbsp;<\/p>\n<\/div>\n<\/div>\n<\/div>\n<\/div>\n\n\n<p><\/p>\n","protected":false},"excerpt":{"rendered":"<p>Innovation. On site. On Demand Wenn es um die Besetzung von Engineering und Infrastruktur -Projekten mit externen Spezialisten geht, ist HPPLUS eine gute Adresse. Als Projektdienstleister, mit bundesweiten Projekten seit 2012, haben wir uns darauf spezialisiert, hochqualifizierte Freiberufler in den Branchen Technik + Verkehr, Telekommunikation und Bau einzusetzen. Unser Produkt ist Innovation \u2013 ein Schl\u00fcssel &hellip; <a href=\"http:\/\/hpplus.berlin\/?page_id=454\" class=\"more-link\"><span class=\"screen-reader-text\">Consulting + Engineering<\/span> weiterlesen <span class=\"meta-nav\">&rarr;<\/span><\/a><\/p>\n","protected":false},"author":1,"featured_media":0,"parent":928,"menu_order":1,"comment_status":"closed","ping_status":"closed","template":"","meta":{"ngg_post_thumbnail":0,"footnotes":""},"class_list":["post-454","page","type-page","status-publish","hentry"],"_links":{"self":[{"href":"http:\/\/hpplus.berlin\/index.php?rest_route=\/wp\/v2\/pages\/454","targetHints":{"allow":["GET"]}}],"collection":[{"href":"http:\/\/hpplus.berlin\/index.php?rest_route=\/wp\/v2\/pages"}],"about":[{"href":"http:\/\/hpplus.berlin\/index.php?rest_route=\/wp\/v2\/types\/page"}],"author":[{"embeddable":true,"href":"http:\/\/hpplus.berlin\/index.php?rest_route=\/wp\/v2\/users\/1"}],"replies":[{"embeddable":true,"href":"http:\/\/hpplus.berlin\/index.php?rest_route=%2Fwp%2Fv2%2Fcomments&post=454"}],"version-history":[{"count":43,"href":"http:\/\/hpplus.berlin\/index.php?rest_route=\/wp\/v2\/pages\/454\/revisions"}],"predecessor-version":[{"id":1310,"href":"http:\/\/hpplus.berlin\/index.php?rest_route=\/wp\/v2\/pages\/454\/revisions\/1310"}],"up":[{"embeddable":true,"href":"http:\/\/hpplus.berlin\/index.php?rest_route=\/wp\/v2\/pages\/928"}],"wp:attachment":[{"href":"http:\/\/hpplus.berlin\/index.php?rest_route=%2Fwp%2Fv2%2Fmedia&parent=454"}],"curies":[{"name":"wp","href":"https:\/\/api.w.org\/{rel}","templated":true}]}}