{"id":545,"date":"2011-08-19T12:03:24","date_gmt":"2011-08-19T10:03:24","guid":{"rendered":"http:\/\/halm.berlin\/?page_id=545"},"modified":"2019-11-05T12:44:13","modified_gmt":"2019-11-05T11:44:13","slug":"honorare","status":"publish","type":"page","link":"http:\/\/hpplus.berlin\/?page_id=545","title":{"rendered":"Honorare"},"content":{"rendered":"<p><strong>Projektmanagement + Consulting:<\/strong><\/p>\n<p>Die Honorarh\u00f6he h\u00e4ngt stets von Ihrem individuellen Auftrag ab. Wir erstellen f\u00fcr Sie ein ma\u00dfgeschneidertes Angebot, das auf Ihre spezielle Anforderung zugeschnitten ist. Je nach Arbeitsumfang und Aufgabenstellung bieten sich unterschiedliche Honorarmodelle an.<\/p>\n<ul>\n<li>Pauschale Verg\u00fctung einer fest umrissenen Aufgabe<\/li>\n<li>Vereinbarung von&nbsp;Honorartagen im Rahmen eines Projekts<\/li>\n<li>Rahmenvereinbarung f\u00fcr l\u00e4ngere Laufzeiten<\/li>\n<\/ul>\n<p>Das Erstgespr\u00e4ch ist unser Service f\u00fcr Sie. Daf\u00fcr nehmen wir uns Zeit, um die Anforderungen + W\u00fcnsche des Kunden genau ermitteln zu k\u00f6nnen.<\/p>\n<p>Als Abrechnungsbasis dient die HOAI Fassung 2013.<\/p>\n","protected":false},"excerpt":{"rendered":"<p>Projektmanagement + Consulting: Die Honorarh\u00f6he h\u00e4ngt stets von Ihrem individuellen Auftrag ab. Wir erstellen f\u00fcr Sie ein ma\u00dfgeschneidertes Angebot, das auf Ihre spezielle Anforderung zugeschnitten ist. Je nach Arbeitsumfang und Aufgabenstellung bieten sich unterschiedliche Honorarmodelle an. Pauschale Verg\u00fctung einer fest umrissenen Aufgabe Vereinbarung von&nbsp;Honorartagen im Rahmen eines Projekts Rahmenvereinbarung f\u00fcr l\u00e4ngere Laufzeiten Das Erstgespr\u00e4ch ist &hellip; <a href=\"http:\/\/hpplus.berlin\/?page_id=545\" class=\"more-link\"><span class=\"screen-reader-text\">Honorare<\/span> weiterlesen <span class=\"meta-nav\">&rarr;<\/span><\/a><\/p>\n","protected":false},"author":1,"featured_media":0,"parent":928,"menu_order":3,"comment_status":"closed","ping_status":"closed","template":"","meta":{"ngg_post_thumbnail":0,"footnotes":""},"class_list":["post-545","page","type-page","status-publish","hentry"],"_links":{"self":[{"href":"http:\/\/hpplus.berlin\/index.php?rest_route=\/wp\/v2\/pages\/545","targetHints":{"allow":["GET"]}}],"collection":[{"href":"http:\/\/hpplus.berlin\/index.php?rest_route=\/wp\/v2\/pages"}],"about":[{"href":"http:\/\/hpplus.berlin\/index.php?rest_route=\/wp\/v2\/types\/page"}],"author":[{"embeddable":true,"href":"http:\/\/hpplus.berlin\/index.php?rest_route=\/wp\/v2\/users\/1"}],"replies":[{"embeddable":true,"href":"http:\/\/hpplus.berlin\/index.php?rest_route=%2Fwp%2Fv2%2Fcomments&post=545"}],"version-history":[{"count":10,"href":"http:\/\/hpplus.berlin\/index.php?rest_route=\/wp\/v2\/pages\/545\/revisions"}],"predecessor-version":[{"id":1220,"href":"http:\/\/hpplus.berlin\/index.php?rest_route=\/wp\/v2\/pages\/545\/revisions\/1220"}],"up":[{"embeddable":true,"href":"http:\/\/hpplus.berlin\/index.php?rest_route=\/wp\/v2\/pages\/928"}],"wp:attachment":[{"href":"http:\/\/hpplus.berlin\/index.php?rest_route=%2Fwp%2Fv2%2Fmedia&parent=545"}],"curies":[{"name":"wp","href":"https:\/\/api.w.org\/{rel}","templated":true}]}}